{"id":77,"date":"2019-08-23T16:00:21","date_gmt":"2019-08-23T16:00:21","guid":{"rendered":"http:\/\/uniship.ma\/?page_id=77"},"modified":"2019-09-11T10:41:48","modified_gmt":"2019-09-11T10:41:48","slug":"affretement","status":"publish","type":"page","link":"https:\/\/uniship.ma\/index.php\/affretement\/","title":{"rendered":"Affr\u00e8tement"},"content":{"rendered":"<h2>Affr\u00e8tement de navires<\/h2>\n<p>Uniship vous accompagne dans la mise en place du transport de votre marchandise en general ou en part-cargo. Gr\u00e2ce \u00e0 notre exp\u00e9rience et \u00e0 notre r\u00e9seau, nous trouverons le navire adapt\u00e9 \u00e0 vos besoin et au meilleur taux de fret. Vraquier, navire citerne, navire polyvalent ou en conteneur, nous analyserons avec vous la meilleure option au meilleur prix, afin que votre chaine logistique soit la plus fluide possible.<\/p>\n<h2>Nous contacter:<\/h2>\n<p><strong>T\u00e9l\u00e9phone:<\/strong> \u00a005.22.27.67.87 \u00a0\/ \u00a005.22.27.68.24 \u00a0\/ \u00a005.22.22.18.93<\/p>\n<p><strong>Mail:<\/strong> uniship@uniship.ma<\/p>\n<p><strong>Adresse:<\/strong> 45 Avenue Hassan 2 &#8211; Casablanca<\/p>\n<p>\t\t\t\t\t\t\t\t\t\t<img loading=\"lazy\" width=\"300\" height=\"300\" src=\"http:\/\/uniship.ma\/wp-content\/uploads\/2019\/07\/logo-uniship-png-300x300.png\" alt=\"site-icon\" srcset=\"http:\/\/uniship.ma\/wp-content\/uploads\/2019\/07\/logo-uniship-png-300x300.png 300w, http:\/\/uniship.ma\/wp-content\/uploads\/2019\/07\/logo-uniship-png-150x150.png 150w, http:\/\/uniship.ma\/wp-content\/uploads\/2019\/07\/logo-uniship-png-768x768.png 768w, http:\/\/uniship.ma\/wp-content\/uploads\/2019\/07\/logo-uniship-png-1024x1024.png 1024w, http:\/\/uniship.ma\/wp-content\/uploads\/2019\/07\/logo-uniship-png.png 1080w\" sizes=\"(max-width: 300px) 100vw, 300px\" \/><\/p>\n","protected":false},"excerpt":{"rendered":"<p>Affr\u00e8tement de navires Uniship vous accompagne dans la mise en place du transport de votre marchandise en general ou en part-cargo. Gr\u00e2ce \u00e0 notre exp\u00e9rience et \u00e0 notre r\u00e9seau, nous trouverons le navire adapt\u00e9 \u00e0 vos besoin et au meilleur<\/p>\n","protected":false},"author":1,"featured_media":0,"parent":0,"menu_order":0,"comment_status":"closed","ping_status":"closed","template":"elementor_header_footer","meta":[],"_links":{"self":[{"href":"https:\/\/uniship.ma\/index.php\/wp-json\/wp\/v2\/pages\/77"}],"collection":[{"href":"https:\/\/uniship.ma\/index.php\/wp-json\/wp\/v2\/pages"}],"about":[{"href":"https:\/\/uniship.ma\/index.php\/wp-json\/wp\/v2\/types\/page"}],"author":[{"embeddable":true,"href":"https:\/\/uniship.ma\/index.php\/wp-json\/wp\/v2\/users\/1"}],"replies":[{"embeddable":true,"href":"https:\/\/uniship.ma\/index.php\/wp-json\/wp\/v2\/comments?post=77"}],"version-history":[{"count":8,"href":"https:\/\/uniship.ma\/index.php\/wp-json\/wp\/v2\/pages\/77\/revisions"}],"predecessor-version":[{"id":125,"href":"https:\/\/uniship.ma\/index.php\/wp-json\/wp\/v2\/pages\/77\/revisions\/125"}],"wp:attachment":[{"href":"https:\/\/uniship.ma\/index.php\/wp-json\/wp\/v2\/media?parent=77"}],"curies":[{"name":"wp","href":"https:\/\/api.w.org\/{rel}","templated":true}]}}