{"id":60,"date":"2019-08-19T15:23:07","date_gmt":"2019-08-19T15:23:07","guid":{"rendered":"http:\/\/uniship.ma\/?page_id=60"},"modified":"2019-09-11T10:29:21","modified_gmt":"2019-09-11T10:29:21","slug":"consignation","status":"publish","type":"page","link":"https:\/\/uniship.ma\/index.php\/consignation\/","title":{"rendered":"Consignation"},"content":{"rendered":"<h2>Consignation<\/h2>\n<p><strong>La consignation est l&rsquo;activit\u00e9 historique d&rsquo;Uniship. Nous d\u00e9veloppons des relations privil\u00e9gi\u00e9es avec nos clients pour d\u00e9velopper une confiance mutuelle sans failles. Nos agents aux ports de Casablanca, Jorf Lasfar, Tanger et Safi s&rsquo;alternent pour superviser l&rsquo;ensemble des \u00e9tapes de chargement et d\u00e9chargement. Grace \u00e0 nos partenaires privil\u00e9gi\u00e9s, nous pouvons intervenir dans tous les autres ports marocains.\u00a0Nos transitaires effectuent les d\u00e9marches douani\u00e8res et administratives dans les principaux ports marocains.<\/strong><\/p>\n<p><strong>Pour fluidifier nos \u00e9changes avec nos clients, nous avons mis en place une application qui permet le suivi des navires de son d\u00e9part de port de chargement jusqu&rsquo;au d\u00e9chargement \u00e0 destination. Elle permet de connaitre \u00e0 chaque instant l&rsquo;\u00e9tape \u00e0 laquelle se trouve la marchandise.<\/strong><\/p>\n<h2>Nous contacter:<\/h2>\n<p><strong>T\u00e9l\u00e9phone:<\/strong> \u00a005.22.27.67.87 \u00a0\/ \u00a005.22.27.68.24 \u00a0\/ \u00a005.22.22.18.93<\/p>\n<p><strong>Mail:<\/strong> uniship@uniship.ma<\/p>\n<p><strong>Adresse:<\/strong> 45 Avenue Hassan 2 &#8211; Casablanca<\/p>\n<p>\t\t\t\t\t\t\t\t\t\t<img loading=\"lazy\" width=\"300\" height=\"300\" src=\"http:\/\/uniship.ma\/wp-content\/uploads\/2019\/07\/logo-uniship-png-300x300.png\" alt=\"site-icon\" srcset=\"http:\/\/uniship.ma\/wp-content\/uploads\/2019\/07\/logo-uniship-png-300x300.png 300w, http:\/\/uniship.ma\/wp-content\/uploads\/2019\/07\/logo-uniship-png-150x150.png 150w, http:\/\/uniship.ma\/wp-content\/uploads\/2019\/07\/logo-uniship-png-768x768.png 768w, http:\/\/uniship.ma\/wp-content\/uploads\/2019\/07\/logo-uniship-png-1024x1024.png 1024w, http:\/\/uniship.ma\/wp-content\/uploads\/2019\/07\/logo-uniship-png.png 1080w\" sizes=\"(max-width: 300px) 100vw, 300px\" \/><\/p>\n","protected":false},"excerpt":{"rendered":"<p>Consignation La consignation est l&rsquo;activit\u00e9 historique d&rsquo;Uniship. Nous d\u00e9veloppons des relations privil\u00e9gi\u00e9es avec nos clients pour d\u00e9velopper une confiance mutuelle sans failles. Nos agents aux ports de Casablanca, Jorf Lasfar, Tanger et Safi s&rsquo;alternent pour superviser l&rsquo;ensemble des \u00e9tapes de<\/p>\n","protected":false},"author":1,"featured_media":0,"parent":0,"menu_order":0,"comment_status":"closed","ping_status":"closed","template":"elementor_header_footer","meta":[],"_links":{"self":[{"href":"https:\/\/uniship.ma\/index.php\/wp-json\/wp\/v2\/pages\/60"}],"collection":[{"href":"https:\/\/uniship.ma\/index.php\/wp-json\/wp\/v2\/pages"}],"about":[{"href":"https:\/\/uniship.ma\/index.php\/wp-json\/wp\/v2\/types\/page"}],"author":[{"embeddable":true,"href":"https:\/\/uniship.ma\/index.php\/wp-json\/wp\/v2\/users\/1"}],"replies":[{"embeddable":true,"href":"https:\/\/uniship.ma\/index.php\/wp-json\/wp\/v2\/comments?post=60"}],"version-history":[{"count":9,"href":"https:\/\/uniship.ma\/index.php\/wp-json\/wp\/v2\/pages\/60\/revisions"}],"predecessor-version":[{"id":117,"href":"https:\/\/uniship.ma\/index.php\/wp-json\/wp\/v2\/pages\/60\/revisions\/117"}],"wp:attachment":[{"href":"https:\/\/uniship.ma\/index.php\/wp-json\/wp\/v2\/media?parent=60"}],"curies":[{"name":"wp","href":"https:\/\/api.w.org\/{rel}","templated":true}]}}