{"id":27,"date":"2019-09-03T12:54:44","date_gmt":"2019-09-03T12:54:44","guid":{"rendered":"http:\/\/uniship.ma\/?page_id=27"},"modified":"2019-09-11T10:43:44","modified_gmt":"2019-09-11T10:43:44","slug":"freight-forwarding","status":"publish","type":"page","link":"https:\/\/uniship.ma\/index.php\/freight-forwarding\/","title":{"rendered":"Freight Forwarding"},"content":{"rendered":"<h2>Freight Forwarding &#8211; Courtage en affr\u00e8tement<\/h2>\n<p>Nous vous proposons des solutions globales pour toutes vos demandes de transport routier, a\u00e9rien ou maritime, &nbsp;en vrac ou en conteneurs aussi bien en FCL (Full Container Load) qu&rsquo;en LCL (Less Than Container Load) depuis ou vers les ports africains, europ\u00e9ens, asiatiques ou am\u00e9ricains. Nos experts vous proposeront une solution adapt\u00e9e \u00e0 votre marchandise \u00e0 un taux comp\u00e9titif et selon vos besoins (refers, hors gabarit, transit time court, avec ou sans transbordement&#8230;)<\/p>\n<h2>Nous contacter:<\/h2>\n<p><strong>T\u00e9l\u00e9phone:<\/strong> \u00a005.22.27.67.87 \u00a0\/ \u00a005.22.27.68.24 \u00a0\/ \u00a005.22.22.18.93<\/p>\n<p><strong>Mail:<\/strong> uniship@uniship.ma<\/p>\n<p><strong>Adresse:<\/strong> 45 Avenue Hassan 2 &#8211; Casablanca<\/p>\n<p>\t\t\t\t\t\t\t\t\t\t<img loading=\"lazy\" width=\"300\" height=\"300\" src=\"http:\/\/uniship.ma\/wp-content\/uploads\/2019\/07\/logo-uniship-png-300x300.png\" alt=\"site-icon\" srcset=\"http:\/\/uniship.ma\/wp-content\/uploads\/2019\/07\/logo-uniship-png-300x300.png 300w, http:\/\/uniship.ma\/wp-content\/uploads\/2019\/07\/logo-uniship-png-150x150.png 150w, http:\/\/uniship.ma\/wp-content\/uploads\/2019\/07\/logo-uniship-png-768x768.png 768w, http:\/\/uniship.ma\/wp-content\/uploads\/2019\/07\/logo-uniship-png-1024x1024.png 1024w, http:\/\/uniship.ma\/wp-content\/uploads\/2019\/07\/logo-uniship-png.png 1080w\" sizes=\"(max-width: 300px) 100vw, 300px\" \/><\/p>\n","protected":false},"excerpt":{"rendered":"<p>Freight Forwarding &#8211; Courtage en affr\u00e8tement Nous vous proposons des solutions globales pour toutes vos demandes de transport routier, a\u00e9rien ou maritime, &nbsp;en vrac ou en conteneurs aussi bien en FCL (Full Container Load) qu&rsquo;en LCL (Less Than Container Load)<\/p>\n","protected":false},"author":1,"featured_media":0,"parent":0,"menu_order":0,"comment_status":"closed","ping_status":"closed","template":"elementor_header_footer","meta":[],"_links":{"self":[{"href":"https:\/\/uniship.ma\/index.php\/wp-json\/wp\/v2\/pages\/27"}],"collection":[{"href":"https:\/\/uniship.ma\/index.php\/wp-json\/wp\/v2\/pages"}],"about":[{"href":"https:\/\/uniship.ma\/index.php\/wp-json\/wp\/v2\/types\/page"}],"author":[{"embeddable":true,"href":"https:\/\/uniship.ma\/index.php\/wp-json\/wp\/v2\/users\/1"}],"replies":[{"embeddable":true,"href":"https:\/\/uniship.ma\/index.php\/wp-json\/wp\/v2\/comments?post=27"}],"version-history":[{"count":13,"href":"https:\/\/uniship.ma\/index.php\/wp-json\/wp\/v2\/pages\/27\/revisions"}],"predecessor-version":[{"id":126,"href":"https:\/\/uniship.ma\/index.php\/wp-json\/wp\/v2\/pages\/27\/revisions\/126"}],"wp:attachment":[{"href":"https:\/\/uniship.ma\/index.php\/wp-json\/wp\/v2\/media?parent=27"}],"curies":[{"name":"wp","href":"https:\/\/api.w.org\/{rel}","templated":true}]}}